{"id":72,"date":"2024-07-09T20:07:01","date_gmt":"2024-07-09T20:07:01","guid":{"rendered":"https:\/\/www.skanelid.se\/?page_id=72"},"modified":"2025-08-08T13:34:09","modified_gmt":"2025-08-08T13:34:09","slug":"inkop","status":"publish","type":"page","link":"https:\/\/www.skanelid.se\/index.php\/inkop\/","title":{"rendered":"Ink\u00f6p"},"content":{"rendered":"\n<div class=\"wp-block-superb-addons-cover-image\"><div class=\"superbaddons-coverimage-block\" style=\"border-radius:0%;min-height:400px;background-image:url(https:\/\/www.skanelid.se\/wp-content\/uploads\/2024\/07\/Utveckling-3.jpg);background-position:50% 50%;background-size:cover;background-repeat:no-repeat\"><\/div><\/div>\n\n\n\n<div class=\"wp-block-columns alignfull are-vertically-aligned-center is-layout-flex wp-container-core-columns-is-layout-28f84493 wp-block-columns-is-layout-flex\">\n<div class=\"wp-block-column is-vertically-aligned-center is-layout-flow wp-block-column-is-layout-flow\" style=\"flex-basis:100%\">\n<div class=\"wp-block-group alignfull is-layout-flow wp-block-group-is-layout-flow\">\n<div class=\"wp-block-columns are-vertically-aligned-center has-accent-5-background-color has-background is-layout-flex wp-container-core-columns-is-layout-28f84493 wp-block-columns-is-layout-flex\">\n<div class=\"wp-block-column is-vertically-aligned-center is-layout-flow wp-block-column-is-layout-flow\" style=\"flex-basis:50%\">\n<h2 class=\"wp-block-heading has-text-align-left\">Utmana er ink\u00f6psstrategi!<\/h2>\n\n\n\n<hr class=\"wp-block-separator has-alpha-channel-opacity\"\/>\n\n\n\n<p class=\"has-text-align-left\">Att skapa resultat inneb\u00e4r absolut en plan f\u00f6r att s\u00e4kra int\u00e4ktsfl\u00f6det. Det som ocks\u00e5 g\u00f6r stor skillnad \u00e4r kontroll \u00f6ver kostnaderna och f\u00f6rhandlade f\u00f6rdelar vid alla typer av f\u00f6retagets ink\u00f6p. Tillsammans utmanar vi prim\u00e4ra leverant\u00f6r och s\u00e4krar b\u00e5de besparingsm\u00f6jligheter och villkor som kan f\u00f6rb\u00e4ttras. Alla delar skapar tillsammans bolagets framg\u00e5ng och vi bidrar g\u00e4rna med v\u00e5r kompetens och erfarenhet.<\/p>\n<\/div>\n<\/div>\n<\/div>\n<\/div>\n<\/div>\n\n\n\n<div class=\"wp-block-group alignfull is-layout-constrained wp-container-core-group-is-layout-d89aad35 wp-block-group-is-layout-constrained\" style=\"margin-top:0;margin-bottom:0;padding-top:var(--wp--preset--spacing--50);padding-right:var(--wp--preset--spacing--50);padding-bottom:var(--wp--preset--spacing--50);padding-left:var(--wp--preset--spacing--50)\">\n<div class=\"wp-block-columns alignwide is-layout-flex wp-container-core-columns-is-layout-47c06fe3 wp-block-columns-is-layout-flex\">\n<div class=\"wp-block-column is-vertically-aligned-center is-layout-flow wp-block-column-is-layout-flow\" style=\"flex-basis:50%\">\n<ul style=\"line-height:1.75\" class=\"wp-block-list is-style-checkmark-list\">\n<li class=\"has-medium-font-size\">F\u00f6rhandling med prim\u00e4ra leverant\u00f6rer<\/li>\n\n\n\n<li class=\"has-medium-font-size\">Planerad ink\u00f6psprocess<\/li>\n\n\n\n<li class=\"has-medium-font-size\">Kontinuerlig utv\u00e4rdering<\/li>\n<\/ul>\n\n\n\n<div class=\"wp-block-buttons is-layout-flex wp-block-buttons-is-layout-flex\">\n<div class=\"wp-block-button\"><a class=\"wp-block-button__link wp-element-button\">Kontakta oss<\/a><\/div>\n<\/div>\n<\/div>\n\n\n\n<div class=\"wp-block-column is-vertically-aligned-center is-layout-flow wp-block-column-is-layout-flow\" style=\"flex-basis:50%\">\n<figure class=\"wp-block-image size-full is-style-rounded\"><img fetchpriority=\"high\" decoding=\"async\" width=\"1920\" height=\"1080\" src=\"https:\/\/www.skanelid.se\/wp-content\/uploads\/2024\/07\/inkopb1.webp\" alt=\"\" class=\"wp-image-244\" style=\"aspect-ratio:4\/3;object-fit:cover\" srcset=\"https:\/\/www.skanelid.se\/wp-content\/uploads\/2024\/07\/inkopb1.webp 1920w, https:\/\/www.skanelid.se\/wp-content\/uploads\/2024\/07\/inkopb1-300x169.webp 300w, https:\/\/www.skanelid.se\/wp-content\/uploads\/2024\/07\/inkopb1-1024x576.webp 1024w, https:\/\/www.skanelid.se\/wp-content\/uploads\/2024\/07\/inkopb1-768x432.webp 768w, https:\/\/www.skanelid.se\/wp-content\/uploads\/2024\/07\/inkopb1-1536x864.webp 1536w\" sizes=\"(max-width: 1920px) 100vw, 1920px\" \/><\/figure>\n<\/div>\n<\/div>\n<\/div>\n\n\n\n<div class=\"wp-block-cover alignfull\"><span aria-hidden=\"true\" class=\"wp-block-cover__background has-base-2-background-color has-background-dim-100 has-background-dim\"><\/span><div class=\"wp-block-cover__inner-container is-layout-flow wp-block-cover-is-layout-flow\">\n<div class=\"wp-block-group alignfull is-layout-constrained wp-container-core-group-is-layout-669513ed wp-block-group-is-layout-constrained\" style=\"margin-top:0;margin-bottom:0;padding-top:var(--wp--preset--spacing--50);padding-right:var(--wp--preset--spacing--50);padding-bottom:var(--wp--preset--spacing--50);padding-left:var(--wp--preset--spacing--50)\">\n<div class=\"wp-block-group is-vertical is-content-justification-center is-layout-flex wp-container-core-group-is-layout-52b864f0 wp-block-group-is-layout-flex\">\n<div class=\"wp-block-columns is-layout-flex wp-container-core-columns-is-layout-28f84493 wp-block-columns-is-layout-flex\">\n<div class=\"wp-block-column is-layout-flow wp-container-core-column-is-layout-8a368f38 wp-block-column-is-layout-flow\" style=\"flex-basis:100%\">\n<h2 class=\"wp-block-heading has-text-align-center is-style-default has-contrast-light-color has-text-color has-link-color wp-elements-a98b97b30fd9ecfc39eb1dd2aa6407ce\"><em>F\u00f6rdelar med en v\u00e4lutvecklad ink\u00f6psstrategi<\/em><\/h2>\n<\/div>\n<\/div>\n\n\n\n<div style=\"height:21px\" aria-hidden=\"true\" class=\"wp-block-spacer wp-container-content-a94db315\"><\/div>\n<\/div>\n\n\n\n<div class=\"wp-block-columns alignwide has-mono-3-color has-text-color has-link-color wp-elements-667d5aafc90d8dd838e6c8a71f15f22c is-layout-flex wp-container-core-columns-is-layout-d0bbbce0 wp-block-columns-is-layout-flex\">\n<div class=\"wp-block-column is-layout-flow wp-container-core-column-is-layout-e3d1c41b wp-block-column-is-layout-flow\">\n<h3 class=\"wp-block-heading has-text-align-left is-style-asterisk has-contrast-light-color has-text-color has-link-color has-body-font-family has-medium-font-size wp-elements-3cc5f3ff2872475ba816bbdd9295274f\" style=\"font-style:normal;font-weight:600\"><strong>Kostnadseffektivitet<\/strong><\/h3>\n\n\n\n<p class=\"has-text-align-left has-mono-3-color has-text-color has-link-color wp-elements-f7fd466f14d41b73559d2dc7203a6692\">Genom att ha en tydlig ink\u00f6psstrategi kan f\u00f6retaget f\u00f6rhandla fram f\u00f6rdelaktiga avtal med leverant\u00f6rer och uppn\u00e5 kostnadsbesparingar p\u00e5 kort och l\u00e5ng sikt. Genom att identifiera kostnadsdrivare, f\u00f6rhandla priser och villkor samt optimera ink\u00f6psprocessen kan f\u00f6retaget \u00f6ka sin l\u00f6nsamhet.<\/p>\n<\/div>\n\n\n\n<div class=\"wp-block-column is-layout-flow wp-container-core-column-is-layout-e3d1c41b wp-block-column-is-layout-flow\">\n<h3 class=\"wp-block-heading has-text-align-left is-style-asterisk has-contrast-light-color has-text-color has-link-color has-body-font-family has-medium-font-size wp-elements-4fa43dfc07cd5dd61bff103bf4bc545b\" style=\"font-style:normal;font-weight:600\"><strong>Kvalitetss\u00e4kring<\/strong><\/h3>\n\n\n\n<p class=\"has-text-align-left has-mono-3-color has-text-color has-link-color wp-elements-f19fb81bc2152ab2465a17bb7db8b441\">En v\u00e4lplanerad ink\u00f6psstrategi inkluderar ocks\u00e5 att s\u00e4kerst\u00e4lla att produkter och tj\u00e4nster uppfyller h\u00f6ga kvalitetsstandarder. Genom att noga utv\u00e4rdera leverant\u00f6rer, st\u00e4lla tydliga krav och f\u00f6lja upp leveranser kan f\u00f6retaget minimera risken f\u00f6r felaktiga eller underm\u00e5liga produkter eller tj\u00e4nster.<\/p>\n<\/div>\n\n\n\n<div class=\"wp-block-column is-layout-flow wp-container-core-column-is-layout-e3d1c41b wp-block-column-is-layout-flow\">\n<h3 class=\"wp-block-heading has-text-align-left is-style-asterisk has-contrast-light-color has-text-color has-link-color has-body-font-family has-medium-font-size wp-elements-54020b725b653600d9654d6872d3d358\" style=\"font-style:normal;font-weight:600\"><strong>Riskhantering<\/strong><\/h3>\n\n\n\n<p class=\"has-text-align-left has-mono-3-color has-text-color has-link-color wp-elements-e54c2d99364ae92e28ec36f16b6fce17\">Genom att noggrant bed\u00f6ma leverant\u00f6rsrisker och implementera riskhanteringsstrategier kan f\u00f6retaget reducera risken f\u00f6r st\u00f6rningar i leveranskedjan, f\u00f6rsenade leveranser eller andra problem som kan p\u00e5verka verksamheten negativt.<\/p>\n<\/div>\n<\/div>\n\n\n\n<div class=\"wp-block-columns alignwide has-mono-3-color has-text-color has-link-color wp-elements-e13e1489335dcbc091056ceb5395e6d0 is-layout-flex wp-container-core-columns-is-layout-d0bbbce0 wp-block-columns-is-layout-flex\">\n<div class=\"wp-block-column is-layout-flow wp-container-core-column-is-layout-e3d1c41b wp-block-column-is-layout-flow\">\n<h3 class=\"wp-block-heading has-text-align-left is-style-asterisk has-contrast-light-color has-text-color has-link-color has-body-font-family has-medium-font-size wp-elements-0567d8e0d5912bcc413c6f665ff55b63\" style=\"font-style:normal;font-weight:600\"><strong>St\u00e4rkta leverant\u00f6rsrelationer<\/strong><\/h3>\n\n\n\n<p class=\"has-text-align-left has-mono-3-color has-text-color has-link-color wp-elements-4fc4c2b4e28ea194847342c51dae7488\">En effektiv f\u00f6rhandlingsprocess handlar inte bara om att pressa ner kostnaderna, utan ocks\u00e5 om att bygga l\u00e5ngsiktiga och f\u00f6rtroendefulla relationer med leverant\u00f6rerna. Genom att visa respekt, \u00f6msesidig nytta och transparent kommunikation kan f\u00f6retaget skapa en stabil och h\u00e5llbar aff\u00e4rsrelation som gynnar b\u00e5da parter.<\/p>\n<\/div>\n\n\n\n<div class=\"wp-block-column is-layout-flow wp-container-core-column-is-layout-e3d1c41b wp-block-column-is-layout-flow\">\n<h3 class=\"wp-block-heading has-text-align-left is-style-asterisk has-contrast-light-color has-text-color has-link-color has-body-font-family has-medium-font-size wp-elements-36bcc33bd06e485ec63b74c2b1e0fb4e\" style=\"font-style:normal;font-weight:600\"><strong>Innovationsm\u00f6jligheter<\/strong><\/h3>\n\n\n\n<p class=\"has-text-align-left has-mono-3-color has-text-color has-link-color wp-elements-88db3b6c40bd0898afe3b3af0b5142ec\">Genom att samarbeta n\u00e4ra med leverant\u00f6rer och involvera dem i f\u00f6retagets innovationsprocess kan f\u00f6retaget dra nytta av extern expertis, f\u00f6reslagna f\u00f6rb\u00e4ttringar och ny teknologi som kan \u00f6ka konkurrenskraften och differentiera produkter eller tj\u00e4nster p\u00e5 marknaden.<\/p>\n<\/div>\n<\/div>\n<\/div>\n<\/div><\/div>\n","protected":false},"excerpt":{"rendered":"<p>Utmana er ink\u00f6psstrategi! Att skapa resultat inneb\u00e4r absolut en plan f\u00f6r att s\u00e4kra int\u00e4ktsfl\u00f6det. Det som ocks\u00e5 g\u00f6r stor skillnad \u00e4r kontroll \u00f6ver kostnaderna och f\u00f6rhandlade f\u00f6rdelar vid alla typer av f\u00f6retagets ink\u00f6p. Tillsammans utmanar vi prim\u00e4ra leverant\u00f6r och s\u00e4krar b\u00e5de besparingsm\u00f6jligheter och villkor som kan f\u00f6rb\u00e4ttras. Alla delar skapar tillsammans bolagets framg\u00e5ng och vi [&hellip;]<\/p>\n","protected":false},"author":1,"featured_media":0,"parent":0,"menu_order":0,"comment_status":"closed","ping_status":"closed","template":"","meta":{"postBodyCss":"","postBodyMargin":[],"postBodyPadding":[],"postBodyBackground":{"backgroundType":"classic","gradient":""},"footnotes":""},"class_list":["post-72","page","type-page","status-publish","hentry"],"featured_image_url":[],"post_author":"admin","assigned_categories":"","_links":{"self":[{"href":"https:\/\/www.skanelid.se\/index.php\/wp-json\/wp\/v2\/pages\/72","targetHints":{"allow":["GET"]}}],"collection":[{"href":"https:\/\/www.skanelid.se\/index.php\/wp-json\/wp\/v2\/pages"}],"about":[{"href":"https:\/\/www.skanelid.se\/index.php\/wp-json\/wp\/v2\/types\/page"}],"author":[{"embeddable":true,"href":"https:\/\/www.skanelid.se\/index.php\/wp-json\/wp\/v2\/users\/1"}],"replies":[{"embeddable":true,"href":"https:\/\/www.skanelid.se\/index.php\/wp-json\/wp\/v2\/comments?post=72"}],"version-history":[{"count":0,"href":"https:\/\/www.skanelid.se\/index.php\/wp-json\/wp\/v2\/pages\/72\/revisions"}],"wp:attachment":[{"href":"https:\/\/www.skanelid.se\/index.php\/wp-json\/wp\/v2\/media?parent=72"}],"curies":[{"name":"wp","href":"https:\/\/api.w.org\/{rel}","templated":true}]}}