{"id":24,"date":"2024-07-07T20:24:17","date_gmt":"2024-07-07T20:24:17","guid":{"rendered":"https:\/\/www.skanelid.se\/?page_id=24"},"modified":"2024-07-16T22:43:55","modified_gmt":"2024-07-16T22:43:55","slug":"rekryteringsstod","status":"publish","type":"page","link":"https:\/\/www.skanelid.se\/index.php\/rekryteringsstod\/","title":{"rendered":"Rekryteringsst\u00f6d"},"content":{"rendered":"\t\t<div data-elementor-type=\"wp-post\" data-elementor-id=\"24\" class=\"elementor elementor-24\" data-elementor-post-type=\"page\">\n\t\t\t\t<div class=\"elementor-element elementor-element-94840 e-flex e-con-boxed e-con e-parent\" data-id=\"94840\" data-element_type=\"container\" data-e-type=\"container\">\n\t\t\t\t\t<div class=\"e-con-inner\">\n\t\t\t\t<div class=\"elementor-element elementor-element-61cdbeb elementor-widget elementor-widget-text-editor\" data-id=\"61cdbeb\" data-element_type=\"widget\" data-e-type=\"widget\" data-widget_type=\"text-editor.default\">\n\t\t\t\t<div class=\"elementor-widget-container\">\n\t\t\t\t\t\t\t\t\t\n<div class=\"wp-block-group alignfull has-accent-5-background-color has-background is-layout-constrained wp-container-core-group-is-layout-d89aad35 wp-block-group-is-layout-constrained\" style=\"margin-top: 0; margin-bottom: 0; padding: var(--wp--preset--spacing--50);\">\n<div class=\"wp-block-columns alignwide is-layout-flex wp-container-core-columns-is-layout-1da03c2a wp-block-columns-is-layout-flex\">\n<div class=\"wp-block-column is-vertically-aligned-center is-layout-flow wp-block-column-is-layout-flow\" style=\"flex-basis: 60%;\">\n<figure class=\"wp-block-image size-full is-style-rounded wp-duotone-unset-1\"><img decoding=\"async\" class=\"wp-image-50\" style=\"aspect-ratio: 4\/3; object-fit: cover;\" src=\"https:\/\/www.skanelid.se\/wp-content\/uploads\/2024\/07\/SI-Rekrytering.webp\" alt=\"\" \/><\/figure>\n<\/div>\n\n<div class=\"wp-block-column is-vertically-aligned-center is-layout-flow wp-block-column-is-layout-flow\" style=\"flex-basis: 40%;\">\n<h2 class=\"wp-block-heading\">Vi v\u00e4gleder er!<\/h2>\n\n<p>Som start b\u00f6r en grundl\u00e4ggande analys om vilken kandidatprofil som passar f\u00f6retaget b\u00e4st genomf\u00f6ras. Sen ska r\u00e4tt kandidater attraheras och sist men inte minst ska intervjuprocessen och tester s\u00e4kra att r\u00e4tt kandidat f\u00e5r jobbet. Vi hj\u00e4lper er s\u00e4kra del f\u00f6r del.<\/p>\n\n<div class=\"wp-block-spacer\" style=\"height: 20px;\" aria-hidden=\"true\">\u00a0<\/div>\n\n<div class=\"wp-block-buttons is-layout-flex wp-block-buttons-is-layout-flex\">\n<div class=\"wp-block-button\"><a class=\"wp-block-button__link wp-element-button\" href=\"https:\/\/www.linkedin.com\/company\/skanelid-invest-consulting-ab\/about\/?viewAsMember=true\">Kontakta oss<\/a><\/div>\n<\/div>\n<\/div>\n<\/div>\n<\/div>\n\n<div class=\"wp-block-columns alignwide are-vertically-aligned-center is-layout-flex wp-container-core-columns-is-layout-28f84493 wp-block-columns-is-layout-flex\">\n<div class=\"wp-block-column is-vertically-aligned-center has-medium-font-size is-layout-constrained wp-block-column-is-layout-constrained\" style=\"flex-basis: 100%;\"> \n<div data-block=\"gutenkit\/container\" data-post-id=\"24\" id=\"block-18086ecd-4823-4c7e-992d-8b56ffc365a4\" class=\"wp-block-gutenkit-container alignfull gkit-block-18086ecd-4823-4c7e-992d-8b56ffc365a4 gutenkit-block\">\n<div class=\"gkit-block__inner\"> \n<div data-block=\"gutenkit\/container\" data-post-id=\"24\" id=\"block-54e215ef-4b6d-4444-9171-fffaac6b4898\" class=\"wp-block-gutenkit-container alignfull gkit-block-54e215ef-4b6d-4444-9171-fffaac6b4898 gutenkit-block\">\n<div class=\"gkit-block__inner\"> \n<div data-block=\"gutenkit\/container\" data-post-id=\"24\" id=\"block-3f61dddd-b0b5-4e4f-b364-858bcbbbc92d\" class=\"wp-block-gutenkit-container alignfull gkit-block-3f61dddd-b0b5-4e4f-b364-858bcbbbc92d gutenkit-block\">\n<div class=\"gkit-block__inner\">\n<div class=\"wp-block-columns is-layout-flex wp-container-core-columns-is-layout-28f84493 wp-block-columns-is-layout-flex\">\n<div class=\"wp-block-column is-layout-flow wp-block-column-is-layout-flow\" style=\"flex-basis: 100%;\"> \n<div data-block=\"gutenkit\/heading\" data-post-id=\"24\" id=\"block-f2dc54b7-fd03-4b23-afbe-8f912acecfa1\" class=\"wp-block-gutenkit-heading gkit-heading-border-position-start gkit-block-f2dc54b7-fd03-4b23-afbe-8f912acecfa1 gutenkit-block\">\n<h2 class=\"gkit-heading-title\">F\u00f6rdelar med en v\u00e4lplanerad rekryteringsprocess<\/h2>\n<div class=\"gkit-heading-separetor-after-title gkit-heading-separetor-style-dotted\">\n<div class=\"\">\u00a0<\/div>\n<\/div>\n<div class=\"gkit-heading-description\">\n<p>\u00a0<\/p>\n<\/div>\n<\/div>\n <\/div>\n<\/div>\n \n<div data-block=\"gutenkit\/container\" data-post-id=\"24\" id=\"block-3deba4d9-1b8c-4de0-8d15-34d78c5f675a\" class=\"wp-block-gutenkit-container alignfull gkit-block-3deba4d9-1b8c-4de0-8d15-34d78c5f675a gutenkit-block\">\n<div class=\"gkit-block__inner\"> \n<div data-block=\"gutenkit\/container\" data-post-id=\"24\" id=\"block-b16853ce-8ad9-4ce7-a656-d3c4a3b520a9\" class=\"wp-block-gutenkit-container gkit-block-custom-wide gkit-block-b16853ce-8ad9-4ce7-a656-d3c4a3b520a9 gutenkit-block\">\n<div class=\"gkit-block__inner\"> \n<div data-block=\"gutenkit\/icon-box\" data-post-id=\"24\" id=\"block-d4bbf73a-5784-4e42-a1a3-c45cd160f04d\" class=\"gkit-icon-box-header gkit-icon-box-header-icon gkit-block-d4bbf73a-5784-4e42-a1a3-c45cd160f04d gutenkit-block\">\u00a0<\/div>\n<div class=\"gkit-icon-box-body\">\n<p class=\"gkit-icon-box-title\"><strong>R\u00e4tt kompetens och erfarenhet<\/strong><\/p>\n<p class=\"gkit-icon-box-description\">Genom att ha en strukturerad rekryteringsprocess med tydligt definierade kravprofil kan f\u00f6retaget s\u00e4kerst\u00e4lla att man attraherar kandidater med r\u00e4tt kompetens, erfarenhet och f\u00e4rdigheter som \u00e4r n\u00f6dv\u00e4ndiga f\u00f6r att framg\u00e5ngsrikt utf\u00f6ra den aktuella rollen.<\/p>\n<\/div>\n <\/div>\n<\/div>\n  \n<div data-block=\"gutenkit\/container\" data-post-id=\"24\" id=\"block-c46e10b0-1e42-4775-95dc-0a002e9e88aa\" class=\"wp-block-gutenkit-container gkit-block-custom-wide gkit-block-c46e10b0-1e42-4775-95dc-0a002e9e88aa gutenkit-block\">\n<div class=\"gkit-block__inner\"> \n<div data-block=\"gutenkit\/icon-box\" data-post-id=\"24\" id=\"block-04ea9dce-3091-423e-ab3f-9bd24f61e250\" class=\"gkit-icon-box-header gkit-icon-box-header-icon gkit-block-04ea9dce-3091-423e-ab3f-9bd24f61e250 gutenkit-block\">\u00a0<\/div>\n<div class=\"gkit-icon-box-body\">\n<p class=\"gkit-icon-box-title\"><strong>Kulturell passform<\/strong><\/p>\n<p class=\"gkit-icon-box-description\">En noggrant planerad rekryteringsprocess ger m\u00f6jlighet att bed\u00f6ma kandidatens v\u00e4rderingar, arbetss\u00e4tt och personlighet f\u00f6r att s\u00e4kerst\u00e4lla att de passar in i f\u00f6retagets kultur och arbetsteam. En bra kulturell passform \u00e4r avg\u00f6rande f\u00f6r att fr\u00e4mja en positiv arbetsmilj\u00f6 och l\u00e5ngsiktig trivsel.<\/p>\n<\/div>\n <\/div>\n<\/div>\n  \n<div data-block=\"gutenkit\/container\" data-post-id=\"24\" id=\"block-6d761624-0c3d-467f-aa7e-d9d134670189\" class=\"wp-block-gutenkit-container gkit-block-custom-wide gkit-block-6d761624-0c3d-467f-aa7e-d9d134670189 gutenkit-block\">\n<div class=\"gkit-block__inner\"> \n<div data-block=\"gutenkit\/icon-box\" data-post-id=\"24\" id=\"block-1a5f7c0e-1e58-410c-87a9-52e08609fca8\" class=\"gkit-icon-box-header gkit-icon-box-header-icon gkit-block-1a5f7c0e-1e58-410c-87a9-52e08609fca8 gutenkit-block\">\u00a0<\/div>\n<div class=\"gkit-icon-box-body\">\n<p class=\"gkit-icon-box-title\"><strong>Effektiv resursanv\u00e4ndning<\/strong><\/p>\n<p class=\"gkit-icon-box-description\">Genom att ha en strukturerad rekryteringsprocess kan f\u00f6retaget minimera risken f\u00f6r felrekryteringar, vilket kan leda till \u00f6kade kostnader och f\u00f6rlorad produktivitet. Genom att hitta r\u00e4tt kandidat fr\u00e5n b\u00f6rjan kan f\u00f6retaget spara tid, energi och resurser p\u00e5 l\u00e5ng sikt.<\/p>\n<\/div>\n <\/div>\n<\/div>\n <\/div>\n<\/div>\n  \n<div data-block=\"gutenkit\/container\" data-post-id=\"24\" id=\"block-8457221c-9fbb-4a84-84be-a68d8ce50264\" class=\"wp-block-gutenkit-container alignwide gkit-block-8457221c-9fbb-4a84-84be-a68d8ce50264 gutenkit-block\">\n<div class=\"gkit-block__inner\"> \n<div data-block=\"gutenkit\/container\" data-post-id=\"24\" id=\"block-c6df7427-17bf-4924-8347-524de0cb05ab\" class=\"wp-block-gutenkit-container gkit-block-custom-wide gkit-block-c6df7427-17bf-4924-8347-524de0cb05ab gutenkit-block\">\n<div class=\"gkit-block__inner\"> \n<div data-block=\"gutenkit\/icon-box\" data-post-id=\"24\" id=\"block-519be523-8e1c-41be-97dd-fad4379e2311\" class=\"gkit-icon-box-header gkit-icon-box-header-icon gkit-block-519be523-8e1c-41be-97dd-fad4379e2311 gutenkit-block\">\u00a0<\/div>\n<div class=\"gkit-icon-box-body\">\n<p class=\"gkit-icon-box-title\"><strong>Varum\u00e4rkesbyggande<\/strong><\/p>\n<p class=\"gkit-icon-box-description\">En professionell rekryteringsprocess kan bidra till att st\u00e4rka f\u00f6retagets varum\u00e4rke som en attraktiv arbetsgivare. En positiv rekryteringsupplevelse f\u00f6r kandidaterna kan sprida ett gott rykte om f\u00f6retaget och locka fler talanger till organisationen i framtiden.<\/p>\n<\/div>\n <\/div>\n<\/div>\n  \n<div data-block=\"gutenkit\/container\" data-post-id=\"24\" id=\"block-70ce63ab-5ff8-44db-9048-e952810d02e3\" class=\"wp-block-gutenkit-container gkit-block-custom-wide gkit-block-70ce63ab-5ff8-44db-9048-e952810d02e3 gutenkit-block\">\n<div class=\"gkit-block__inner\"> \n<div data-block=\"gutenkit\/icon-box\" data-post-id=\"24\" id=\"block-427c5b7b-a97f-4317-9efa-ee335a82c18d\" class=\"gkit-icon-box-header gkit-icon-box-header-icon gkit-block-427c5b7b-a97f-4317-9efa-ee335a82c18d gutenkit-block\">\u00a0<\/div>\n<div class=\"gkit-icon-box-body\">\n<p class=\"gkit-icon-box-title\"><strong><strong>L\u00e5ngsiktig<\/strong> framg\u00e5ng<\/strong><\/p>\n<p class=\"gkit-icon-box-description\">Genom att anst\u00e4lla r\u00e4tt person f\u00f6r rollen kan f\u00f6retaget \u00f6ka chanserna f\u00f6r l\u00e5ngsiktig framg\u00e5ng och stabilitet. En passande medarbetare som trivs och presterar v\u00e4l kan bidra till \u00f6kad produktivitet, innovation och tillv\u00e4xt f\u00f6r f\u00f6retaget.<\/p>\n<\/div>\n <\/div>\n<\/div>\n <\/div>\n<\/div>\n <\/div>\n<\/div>\n <\/div>\n<\/div>\n <\/div>\n<\/div>\n <\/div>\n<\/div>\n\n<div class=\"wp-block-media-text alignwide is-stacked-on-mobile\">\n<figure class=\"wp-block-media-text__media\"><img fetchpriority=\"high\" decoding=\"async\" width=\"1024\" height=\"576\" class=\"wp-image-230 size-full\" src=\"https:\/\/www.skanelid.se\/wp-content\/uploads\/2024\/07\/Namnlos-design-1-1024x576.webp\" alt=\"\" srcset=\"https:\/\/www.skanelid.se\/wp-content\/uploads\/2024\/07\/Namnlos-design-1-1024x576.webp 1024w, https:\/\/www.skanelid.se\/wp-content\/uploads\/2024\/07\/Namnlos-design-1-300x169.webp 300w, https:\/\/www.skanelid.se\/wp-content\/uploads\/2024\/07\/Namnlos-design-1-768x432.webp 768w, https:\/\/www.skanelid.se\/wp-content\/uploads\/2024\/07\/Namnlos-design-1-1536x864.webp 1536w, https:\/\/www.skanelid.se\/wp-content\/uploads\/2024\/07\/Namnlos-design-1.webp 1920w\" sizes=\"(max-width: 1024px) 100vw, 1024px\" \/><\/figure>\n<div class=\"wp-block-media-text__content\">\n<h2 class=\"wp-block-heading\">Vad \u00f6nskar ni hj\u00e4lp med?<\/h2>\n\n<ul class=\"is-style-checkmark-list wp-block-list\" style=\"line-height: 1.75;\">\n<li>Profilanalys<\/li>\n\n<li>Intervjust\u00f6d<\/li>\n\n<li>Upphandling av rekryteringspartner<\/li>\n<\/ul>\n<\/div>\n<\/div>\n\t\t\t\t\t\t\t\t<\/div>\n\t\t\t\t<\/div>\n\t\t\t\t\t<\/div>\n\t\t\t\t<\/div>\n\t\t\t\t<\/div>\n\t\t","protected":false},"excerpt":{"rendered":"<p>Vi v\u00e4gleder er! Som start b\u00f6r en grundl\u00e4ggande analys om vilken kandidatprofil som passar f\u00f6retaget b\u00e4st genomf\u00f6ras. Sen ska r\u00e4tt kandidater attraheras och sist men inte minst ska intervjuprocessen och tester s\u00e4kra att r\u00e4tt kandidat f\u00e5r jobbet. Vi hj\u00e4lper er s\u00e4kra del f\u00f6r del.<\/p>\n","protected":false},"author":1,"featured_media":0,"parent":0,"menu_order":0,"comment_status":"closed","ping_status":"closed","template":"","meta":{"postBodyCss":"","postBodyMargin":[],"postBodyPadding":[],"postBodyBackground":{"backgroundType":"classic","gradient":""},"footnotes":""},"class_list":["post-24","page","type-page","status-publish","hentry"],"featured_image_url":[],"post_author":"admin","assigned_categories":"","_links":{"self":[{"href":"https:\/\/www.skanelid.se\/index.php\/wp-json\/wp\/v2\/pages\/24","targetHints":{"allow":["GET"]}}],"collection":[{"href":"https:\/\/www.skanelid.se\/index.php\/wp-json\/wp\/v2\/pages"}],"about":[{"href":"https:\/\/www.skanelid.se\/index.php\/wp-json\/wp\/v2\/types\/page"}],"author":[{"embeddable":true,"href":"https:\/\/www.skanelid.se\/index.php\/wp-json\/wp\/v2\/users\/1"}],"replies":[{"embeddable":true,"href":"https:\/\/www.skanelid.se\/index.php\/wp-json\/wp\/v2\/comments?post=24"}],"version-history":[{"count":0,"href":"https:\/\/www.skanelid.se\/index.php\/wp-json\/wp\/v2\/pages\/24\/revisions"}],"wp:attachment":[{"href":"https:\/\/www.skanelid.se\/index.php\/wp-json\/wp\/v2\/media?parent=24"}],"curies":[{"name":"wp","href":"https:\/\/api.w.org\/{rel}","templated":true}]}}